{"id":182,"date":"2025-03-19T14:24:20","date_gmt":"2025-03-19T14:24:20","guid":{"rendered":"https:\/\/cegesta.com\/?page_id=182"},"modified":"2025-05-06T21:51:33","modified_gmt":"2025-05-06T21:51:33","slug":"nosotros","status":"publish","type":"page","link":"https:\/\/cegesta.com\/index.php\/nosotros\/","title":{"rendered":"Nosotros"},"content":{"rendered":"\n<div class=\"wp-block-cover alignfull is-light hestia-clear-top-padding\"><span aria-hidden=\"true\" class=\"wp-block-cover__background has-white-background-color has-background-dim-100 has-background-dim\"><\/span><div class=\"wp-block-cover__inner-container is-layout-flow wp-block-cover-is-layout-flow\">\n<div style=\"height:40px\" aria-hidden=\"true\" class=\"wp-block-spacer\"><\/div>\n\n\n\n<div class=\"wp-block-columns container is-layout-flex wp-container-core-columns-is-layout-28f84493 wp-block-columns-is-layout-flex\">\n<div class=\"wp-block-column is-layout-flow wp-block-column-is-layout-flow\"><div class=\"wp-block-image\">\n<figure class=\"aligncenter size-full is-resized\"><img loading=\"lazy\" decoding=\"async\" width=\"512\" height=\"512\" src=\"https:\/\/cegesta.com\/wp-content\/uploads\/2025\/03\/misioncegesta.png\" alt=\"\" class=\"wp-image-156\" style=\"object-fit:cover;width:200px;height:200px\" srcset=\"https:\/\/cegesta.com\/wp-content\/uploads\/2025\/03\/misioncegesta.png 512w, https:\/\/cegesta.com\/wp-content\/uploads\/2025\/03\/misioncegesta-300x300.png 300w, https:\/\/cegesta.com\/wp-content\/uploads\/2025\/03\/misioncegesta-150x150.png 150w\" sizes=\"auto, (max-width: 512px) 100vw, 512px\" \/><\/figure>\n<\/div>\n\n\n<h5 class=\"wp-block-heading has-text-align-center has-text-color\" style=\"color:#3c4858;font-size:18px\">Misi\u00f3n<\/h5>\n\n\n\n<p class=\"has-text-align-center has-text-color\" style=\"color:#999999;font-size:14px\">Somos una Instituci\u00f3n formadora de profesionales en el \u00e1rea de la psicoterapia, de alta competencia; generadora de investigaci\u00f3n de alto nivel, con amplia aplicaci\u00f3n en contextos comunitarios y en continua relaci\u00f3n con la sociedad, logrando con ello la construcci\u00f3n de una sociedad m\u00e1s justa, humana y con cultura cient\u00edfica.<\/p>\n\n\n\n<div style=\"height:25px\" aria-hidden=\"true\" class=\"wp-block-spacer\"><\/div>\n<\/div>\n\n\n\n<div class=\"wp-block-column is-layout-flow wp-block-column-is-layout-flow\"><div class=\"wp-block-image\">\n<figure class=\"aligncenter size-full is-resized\"><img loading=\"lazy\" decoding=\"async\" width=\"512\" height=\"512\" src=\"https:\/\/cegesta.com\/wp-content\/uploads\/2025\/03\/visioncegesta.png\" alt=\"\" class=\"wp-image-154\" style=\"object-fit:cover;width:200px;height:200px\" srcset=\"https:\/\/cegesta.com\/wp-content\/uploads\/2025\/03\/visioncegesta.png 512w, https:\/\/cegesta.com\/wp-content\/uploads\/2025\/03\/visioncegesta-300x300.png 300w, https:\/\/cegesta.com\/wp-content\/uploads\/2025\/03\/visioncegesta-150x150.png 150w\" sizes=\"auto, (max-width: 512px) 100vw, 512px\" \/><\/figure>\n<\/div>\n\n\n<h5 class=\"wp-block-heading has-text-align-center has-text-color\" style=\"color:#3c4858;font-size:18px\">Visi\u00f3n<\/h5>\n\n\n\n<p class=\"has-text-align-center has-text-color\" style=\"color:#999999;font-size:14px\">Ser una Instituci\u00f3n con reconocimiento local, nacional e Internacional por el alto desempe\u00f1o de sus egresados, el liderazgo de sus profesores en el \u00e1rea de la psicoterapia y la pertinencia de sus programas reconocidos por instancias acreditadoras, que genera investigaci\u00f3n de vanguardia y se encuentra en estrecha relaci\u00f3n con la sociedad, siendo un eslab\u00f3n importante en el desarrollo social de la regi\u00f3n y del pa\u00eds.<\/p>\n\n\n\n<div style=\"height:25px\" aria-hidden=\"true\" class=\"wp-block-spacer\"><\/div>\n<\/div>\n\n\n\n<div class=\"wp-block-column is-layout-flow wp-block-column-is-layout-flow\"><div class=\"wp-block-image\">\n<figure class=\"aligncenter size-full is-resized\"><img loading=\"lazy\" decoding=\"async\" width=\"512\" height=\"512\" src=\"https:\/\/cegesta.com\/wp-content\/uploads\/2025\/03\/valorescegesta.png\" alt=\"\" class=\"wp-image-155\" style=\"object-fit:cover;width:200px;height:200px\" srcset=\"https:\/\/cegesta.com\/wp-content\/uploads\/2025\/03\/valorescegesta.png 512w, https:\/\/cegesta.com\/wp-content\/uploads\/2025\/03\/valorescegesta-300x300.png 300w, https:\/\/cegesta.com\/wp-content\/uploads\/2025\/03\/valorescegesta-150x150.png 150w\" sizes=\"auto, (max-width: 512px) 100vw, 512px\" \/><\/figure>\n<\/div>\n\n\n<h5 class=\"wp-block-heading has-text-align-center has-text-color\" style=\"color:#3c4858;font-size:18px\">Valores<\/h5>\n\n\n\n<p class=\"has-text-align-center has-text-color\" style=\"color:#999999;font-size:14px\">\u2022 <strong>Trascendencia<\/strong><br>\u2022 <strong>Responsabilidad<\/strong><br><strong>\u2022 Autorrealizaci\u00f3n<\/strong><br><strong>\u2022 Libertad<\/strong><br><strong>\u2022 Respeto<\/strong><br><strong>\u2022 Creatividad<\/strong><br><strong>\u2022 Solidaridad social<\/strong><br><strong>\u2022 \u00c9tica profesional<\/strong><br><strong>\u2022 Trabajo en equipo<\/strong><\/p>\n\n\n\n<div style=\"height:25px\" aria-hidden=\"true\" class=\"wp-block-spacer\"><\/div>\n<\/div>\n<\/div>\n\n\n\n<div style=\"height:32px\" aria-hidden=\"true\" class=\"wp-block-spacer\"><\/div>\n<\/div><\/div>\n\n\n\n<p><\/p>\n","protected":false},"excerpt":{"rendered":"","protected":false},"author":1,"featured_media":295,"parent":0,"menu_order":0,"comment_status":"closed","ping_status":"closed","template":"page-templates\/template-fullwidth.php","meta":{"_themeisle_gutenberg_block_has_review":false,"footnotes":""},"class_list":["post-182","page","type-page","status-publish","has-post-thumbnail","hentry"],"yoast_head":"<!-- This site is optimized with the Yoast SEO plugin v25.0 - https:\/\/yoast.com\/wordpress\/plugins\/seo\/ -->\n<title>Nosotros - Centro Guestalt de Ense\u00f1anza en Terapia Infantil y Adolescente<\/title>\n<meta name=\"robots\" content=\"index, follow, max-snippet:-1, max-image-preview:large, max-video-preview:-1\" \/>\n<link rel=\"canonical\" href=\"https:\/\/cegesta.com\/index.php\/nosotros\/\" \/>\n<meta property=\"og:locale\" content=\"es_ES\" \/>\n<meta property=\"og:type\" content=\"article\" \/>\n<meta property=\"og:title\" content=\"Nosotros - Centro Guestalt de Ense\u00f1anza en Terapia Infantil y Adolescente\" \/>\n<meta property=\"og:url\" content=\"https:\/\/cegesta.com\/index.php\/nosotros\/\" \/>\n<meta property=\"og:site_name\" content=\"Centro Guestalt de Ense\u00f1anza en Terapia Infantil y Adolescente\" \/>\n<meta property=\"article:publisher\" content=\"https:\/\/www.facebook.com\/people\/CEGESTA\/100057695335892\/\" \/>\n<meta property=\"article:modified_time\" content=\"2025-05-06T21:51:33+00:00\" \/>\n<meta property=\"og:image\" content=\"https:\/\/cegesta.com\/wp-content\/uploads\/2025\/05\/WhatsApp-Image-2025-04-29-at-12.34.24-PM-1.jpeg\" \/>\n\t<meta property=\"og:image:width\" content=\"1104\" \/>\n\t<meta property=\"og:image:height\" content=\"621\" \/>\n\t<meta property=\"og:image:type\" content=\"image\/jpeg\" \/>\n<meta name=\"twitter:card\" content=\"summary_large_image\" \/>\n<meta name=\"twitter:label1\" content=\"Tiempo de lectura\" \/>\n\t<meta name=\"twitter:data1\" content=\"2 minutos\" \/>\n<script type=\"application\/ld+json\" class=\"yoast-schema-graph\">{\"@context\":\"https:\/\/schema.org\",\"@graph\":[{\"@type\":\"WebPage\",\"@id\":\"https:\/\/cegesta.com\/index.php\/nosotros\/\",\"url\":\"https:\/\/cegesta.com\/index.php\/nosotros\/\",\"name\":\"Nosotros - Centro Guestalt de Ense\u00f1anza en Terapia Infantil y Adolescente\",\"isPartOf\":{\"@id\":\"https:\/\/cegesta.com\/#website\"},\"primaryImageOfPage\":{\"@id\":\"https:\/\/cegesta.com\/index.php\/nosotros\/#primaryimage\"},\"image\":{\"@id\":\"https:\/\/cegesta.com\/index.php\/nosotros\/#primaryimage\"},\"thumbnailUrl\":\"https:\/\/cegesta.com\/wp-content\/uploads\/2025\/05\/WhatsApp-Image-2025-04-29-at-12.34.24-PM-1.jpeg\",\"datePublished\":\"2025-03-19T14:24:20+00:00\",\"dateModified\":\"2025-05-06T21:51:33+00:00\",\"breadcrumb\":{\"@id\":\"https:\/\/cegesta.com\/index.php\/nosotros\/#breadcrumb\"},\"inLanguage\":\"es\",\"potentialAction\":[{\"@type\":\"ReadAction\",\"target\":[\"https:\/\/cegesta.com\/index.php\/nosotros\/\"]}]},{\"@type\":\"ImageObject\",\"inLanguage\":\"es\",\"@id\":\"https:\/\/cegesta.com\/index.php\/nosotros\/#primaryimage\",\"url\":\"https:\/\/cegesta.com\/wp-content\/uploads\/2025\/05\/WhatsApp-Image-2025-04-29-at-12.34.24-PM-1.jpeg\",\"contentUrl\":\"https:\/\/cegesta.com\/wp-content\/uploads\/2025\/05\/WhatsApp-Image-2025-04-29-at-12.34.24-PM-1.jpeg\",\"width\":1104,\"height\":621},{\"@type\":\"BreadcrumbList\",\"@id\":\"https:\/\/cegesta.com\/index.php\/nosotros\/#breadcrumb\",\"itemListElement\":[{\"@type\":\"ListItem\",\"position\":1,\"name\":\"Portada\",\"item\":\"https:\/\/cegesta.com\/\"},{\"@type\":\"ListItem\",\"position\":2,\"name\":\"Nosotros\"}]},{\"@type\":\"WebSite\",\"@id\":\"https:\/\/cegesta.com\/#website\",\"url\":\"https:\/\/cegesta.com\/\",\"name\":\"Centro Guestalt de Ense\u00f1anza en Terapia Infantil y Adolescente\",\"description\":\"\",\"publisher\":{\"@id\":\"https:\/\/cegesta.com\/#organization\"},\"potentialAction\":[{\"@type\":\"SearchAction\",\"target\":{\"@type\":\"EntryPoint\",\"urlTemplate\":\"https:\/\/cegesta.com\/?s={search_term_string}\"},\"query-input\":{\"@type\":\"PropertyValueSpecification\",\"valueRequired\":true,\"valueName\":\"search_term_string\"}}],\"inLanguage\":\"es\"},{\"@type\":\"Organization\",\"@id\":\"https:\/\/cegesta.com\/#organization\",\"name\":\"Centro Guestalt de Ense\u00f1anza en Terapia Infantil y Adolescente\",\"url\":\"https:\/\/cegesta.com\/\",\"logo\":{\"@type\":\"ImageObject\",\"inLanguage\":\"es\",\"@id\":\"https:\/\/cegesta.com\/#\/schema\/logo\/image\/\",\"url\":\"https:\/\/cegesta.com\/wp-content\/uploads\/2025\/03\/Logocegesta.png\",\"contentUrl\":\"https:\/\/cegesta.com\/wp-content\/uploads\/2025\/03\/Logocegesta.png\",\"width\":910,\"height\":812,\"caption\":\"Centro Guestalt de Ense\u00f1anza en Terapia Infantil y Adolescente\"},\"image\":{\"@id\":\"https:\/\/cegesta.com\/#\/schema\/logo\/image\/\"},\"sameAs\":[\"https:\/\/www.facebook.com\/people\/CEGESTA\/100057695335892\/\",\"https:\/\/www.instagram.com\/cegesta\/\"]}]}<\/script>\n<!-- \/ Yoast SEO plugin. -->","yoast_head_json":{"title":"Nosotros - Centro Guestalt de Ense\u00f1anza en Terapia Infantil y Adolescente","robots":{"index":"index","follow":"follow","max-snippet":"max-snippet:-1","max-image-preview":"max-image-preview:large","max-video-preview":"max-video-preview:-1"},"canonical":"https:\/\/cegesta.com\/index.php\/nosotros\/","og_locale":"es_ES","og_type":"article","og_title":"Nosotros - Centro Guestalt de Ense\u00f1anza en Terapia Infantil y Adolescente","og_url":"https:\/\/cegesta.com\/index.php\/nosotros\/","og_site_name":"Centro Guestalt de Ense\u00f1anza en Terapia Infantil y Adolescente","article_publisher":"https:\/\/www.facebook.com\/people\/CEGESTA\/100057695335892\/","article_modified_time":"2025-05-06T21:51:33+00:00","og_image":[{"width":1104,"height":621,"url":"https:\/\/cegesta.com\/wp-content\/uploads\/2025\/05\/WhatsApp-Image-2025-04-29-at-12.34.24-PM-1.jpeg","type":"image\/jpeg"}],"twitter_card":"summary_large_image","twitter_misc":{"Tiempo de lectura":"2 minutos"},"schema":{"@context":"https:\/\/schema.org","@graph":[{"@type":"WebPage","@id":"https:\/\/cegesta.com\/index.php\/nosotros\/","url":"https:\/\/cegesta.com\/index.php\/nosotros\/","name":"Nosotros - Centro Guestalt de Ense\u00f1anza en Terapia Infantil y Adolescente","isPartOf":{"@id":"https:\/\/cegesta.com\/#website"},"primaryImageOfPage":{"@id":"https:\/\/cegesta.com\/index.php\/nosotros\/#primaryimage"},"image":{"@id":"https:\/\/cegesta.com\/index.php\/nosotros\/#primaryimage"},"thumbnailUrl":"https:\/\/cegesta.com\/wp-content\/uploads\/2025\/05\/WhatsApp-Image-2025-04-29-at-12.34.24-PM-1.jpeg","datePublished":"2025-03-19T14:24:20+00:00","dateModified":"2025-05-06T21:51:33+00:00","breadcrumb":{"@id":"https:\/\/cegesta.com\/index.php\/nosotros\/#breadcrumb"},"inLanguage":"es","potentialAction":[{"@type":"ReadAction","target":["https:\/\/cegesta.com\/index.php\/nosotros\/"]}]},{"@type":"ImageObject","inLanguage":"es","@id":"https:\/\/cegesta.com\/index.php\/nosotros\/#primaryimage","url":"https:\/\/cegesta.com\/wp-content\/uploads\/2025\/05\/WhatsApp-Image-2025-04-29-at-12.34.24-PM-1.jpeg","contentUrl":"https:\/\/cegesta.com\/wp-content\/uploads\/2025\/05\/WhatsApp-Image-2025-04-29-at-12.34.24-PM-1.jpeg","width":1104,"height":621},{"@type":"BreadcrumbList","@id":"https:\/\/cegesta.com\/index.php\/nosotros\/#breadcrumb","itemListElement":[{"@type":"ListItem","position":1,"name":"Portada","item":"https:\/\/cegesta.com\/"},{"@type":"ListItem","position":2,"name":"Nosotros"}]},{"@type":"WebSite","@id":"https:\/\/cegesta.com\/#website","url":"https:\/\/cegesta.com\/","name":"Centro Guestalt de Ense\u00f1anza en Terapia Infantil y Adolescente","description":"","publisher":{"@id":"https:\/\/cegesta.com\/#organization"},"potentialAction":[{"@type":"SearchAction","target":{"@type":"EntryPoint","urlTemplate":"https:\/\/cegesta.com\/?s={search_term_string}"},"query-input":{"@type":"PropertyValueSpecification","valueRequired":true,"valueName":"search_term_string"}}],"inLanguage":"es"},{"@type":"Organization","@id":"https:\/\/cegesta.com\/#organization","name":"Centro Guestalt de Ense\u00f1anza en Terapia Infantil y Adolescente","url":"https:\/\/cegesta.com\/","logo":{"@type":"ImageObject","inLanguage":"es","@id":"https:\/\/cegesta.com\/#\/schema\/logo\/image\/","url":"https:\/\/cegesta.com\/wp-content\/uploads\/2025\/03\/Logocegesta.png","contentUrl":"https:\/\/cegesta.com\/wp-content\/uploads\/2025\/03\/Logocegesta.png","width":910,"height":812,"caption":"Centro Guestalt de Ense\u00f1anza en Terapia Infantil y Adolescente"},"image":{"@id":"https:\/\/cegesta.com\/#\/schema\/logo\/image\/"},"sameAs":["https:\/\/www.facebook.com\/people\/CEGESTA\/100057695335892\/","https:\/\/www.instagram.com\/cegesta\/"]}]}},"_links":{"self":[{"href":"https:\/\/cegesta.com\/index.php\/wp-json\/wp\/v2\/pages\/182","targetHints":{"allow":["GET"]}}],"collection":[{"href":"https:\/\/cegesta.com\/index.php\/wp-json\/wp\/v2\/pages"}],"about":[{"href":"https:\/\/cegesta.com\/index.php\/wp-json\/wp\/v2\/types\/page"}],"author":[{"embeddable":true,"href":"https:\/\/cegesta.com\/index.php\/wp-json\/wp\/v2\/users\/1"}],"replies":[{"embeddable":true,"href":"https:\/\/cegesta.com\/index.php\/wp-json\/wp\/v2\/comments?post=182"}],"version-history":[{"count":3,"href":"https:\/\/cegesta.com\/index.php\/wp-json\/wp\/v2\/pages\/182\/revisions"}],"predecessor-version":[{"id":276,"href":"https:\/\/cegesta.com\/index.php\/wp-json\/wp\/v2\/pages\/182\/revisions\/276"}],"wp:featuredmedia":[{"embeddable":true,"href":"https:\/\/cegesta.com\/index.php\/wp-json\/wp\/v2\/media\/295"}],"wp:attachment":[{"href":"https:\/\/cegesta.com\/index.php\/wp-json\/wp\/v2\/media?parent=182"}],"curies":[{"name":"wp","href":"https:\/\/api.w.org\/{rel}","templated":true}]}}