{"id":255,"date":"2025-04-28T10:48:19","date_gmt":"2025-04-28T10:48:19","guid":{"rendered":"https:\/\/cegesta.com\/?page_id=255"},"modified":"2025-08-05T18:28:47","modified_gmt":"2025-08-05T18:28:47","slug":"diplomado-de-evaluacion-infanto-juvenil","status":"publish","type":"page","link":"https:\/\/cegesta.com\/index.php\/diplomado-de-evaluacion-infanto-juvenil\/","title":{"rendered":"Diplomado en Evaluaci\u00f3n Infanto &#8211; Juvenil"},"content":{"rendered":"\n<div class=\"wp-block-columns is-layout-flex wp-container-core-columns-is-layout-28f84493 wp-block-columns-is-layout-flex\">\n<div class=\"wp-block-column is-layout-flow wp-block-column-is-layout-flow\"><div class=\"wp-block-image\">\n<figure class=\"aligncenter size-full\"><img loading=\"lazy\" decoding=\"async\" width=\"400\" height=\"367\" src=\"https:\/\/cegesta.com\/wp-content\/uploads\/2025\/04\/cegestadiplomado.png\" alt=\"Diplomado en evaluacion infantil juvenil\" class=\"wp-image-257\" srcset=\"https:\/\/cegesta.com\/wp-content\/uploads\/2025\/04\/cegestadiplomado.png 400w, https:\/\/cegesta.com\/wp-content\/uploads\/2025\/04\/cegestadiplomado-300x275.png 300w\" sizes=\"auto, (max-width: 400px) 100vw, 400px\" \/><\/figure>\n<\/div><\/div>\n\n\n\n<div class=\"wp-block-column is-layout-flow wp-block-column-is-layout-flow\">\n<h2 class=\"wp-block-heading has-text-color has-link-color wp-elements-add6e69d7c09d7c911d99f1178bc9a2a\" style=\"color:#519cc3\">Informaci\u00f3n General<\/h2>\n\n\n\n<p>Este diplomado te permitir\u00e1 conocer la entrevista cl\u00ednica y las principales herramientas de evaluaci\u00f3n neuropsicol\u00f3gica, exploraci\u00f3n cognitiva, de trastornos internalizados y externalizados y dificultades de aprendizaje en las etapas tempranas.<br>Aprender\u00e1s c\u00f3mo realizar un informe de evaluaci\u00f3n y qu\u00e9 aspectos deben tenerse en cuenta en la devoluci\u00f3n de la informaci\u00f3n a los padres, o como tambi\u00e9n se le conoce: la entrega de resultados.<\/p>\n<\/div>\n<\/div>\n\n\n\n<h2 class=\"wp-block-heading has-text-color has-link-color wp-elements-b961da86a123d68d9fc25e4a025fde31\" style=\"color:#519cc3\">Objetivos<\/h2>\n\n\n\n<ul class=\"wp-block-list\">\n<li>Identificar que la entrevista cl\u00ednica o entrevista inicial es el primer acercamiento con los padres para poder delimitar el motivo de consulta. Enlistar\u00e1s las habilidades que como terapeuta deber\u00e1s emplear en este momento del proceso.<\/li>\n\n\n\n<li>Aprender la aplicaci\u00f3n, calificaci\u00f3n e interpretaci\u00f3n de las pruebas de exploraci\u00f3n del \u00e1rea cognitiva o de inteligencia, neuropsicol\u00f3gica y de aprendizaje.<\/li>\n\n\n\n<li>Realizar un informe de devoluci\u00f3n de resultados con los aspectos que se deben tener en cuenta y que marca la referencia psicol\u00f3gica.<\/li>\n<\/ul>\n\n\n\n<div class=\"wp-block-columns is-layout-flex wp-container-core-columns-is-layout-28f84493 wp-block-columns-is-layout-flex\">\n<div class=\"wp-block-column is-layout-flow wp-block-column-is-layout-flow\">\n<h2 class=\"wp-block-heading has-text-color has-link-color wp-elements-ebd5fd78bee4eb4eb41eb1c682b1d421\" style=\"color:#519cc3\">Forma de trabajo<\/h2>\n\n\n\n<ol class=\"wp-block-list\">\n<li>Clases 15 horas un fin de semana al mes.<\/li>\n\n\n\n<li><strong>Horario<\/strong>: S\u00e1bado de 9:00 am a 2:00 pm y de 4:00 a 9:00 pm y Domingo 9:00 am a 2:00 pm.<\/li>\n\n\n\n<li>Duraci\u00f3n total <strong>180 horas<\/strong>.<\/li>\n<\/ol>\n\n\n\n<h2 class=\"wp-block-heading has-text-color has-link-color wp-elements-f5a102a1d3f6c732a6585c549d43768c\" style=\"color:#519cc3\">Beneficios para el estudiante<\/h2>\n\n\n\n<ol class=\"wp-block-list\">\n<li>Desarrollar competencias profesionales para la evaluaci\u00f3n<br>infanto-juvenil en \u00e1reas de las funciones ejecutivas y<br>mejorar el ejercicio profesional.<\/li>\n\n\n\n<li>Conocer nuevos instrumentos de evaluaci\u00f3n<br>psicopedag\u00f3gica existentes en el mercado, para actualizar<br>los conocimientos sobre el diagn\u00f3stico.<\/li>\n\n\n\n<li>Dar rigurosidad al trabajo de evaluaci\u00f3n.<\/li>\n\n\n\n<li>Ampliar las bases necesarias para iniciar una eficaz<br>intervenci\u00f3n psicol\u00f3gica infanto-juvenil.<\/li>\n<\/ol>\n<\/div>\n\n\n\n<div class=\"wp-block-column is-layout-flow wp-block-column-is-layout-flow\"><div class=\"wp-block-image\">\n<figure class=\"aligncenter size-full\"><img loading=\"lazy\" decoding=\"async\" width=\"650\" height=\"500\" src=\"https:\/\/cegesta.com\/wp-content\/uploads\/2025\/04\/amigos.jpg\" alt=\"Diplomado en evaluacion infantil juvenil\" class=\"wp-image-261\" srcset=\"https:\/\/cegesta.com\/wp-content\/uploads\/2025\/04\/amigos.jpg 650w, https:\/\/cegesta.com\/wp-content\/uploads\/2025\/04\/amigos-300x231.jpg 300w\" sizes=\"auto, (max-width: 650px) 100vw, 650px\" \/><\/figure>\n<\/div>\n\n\n<figure class=\"wp-block-image size-full\"><img loading=\"lazy\" decoding=\"async\" width=\"798\" height=\"511\" src=\"https:\/\/cegesta.com\/wp-content\/uploads\/2025\/04\/cegestadiplomado2.png\" alt=\"Diplomado en evaluacion infantil juvenil\" class=\"wp-image-262\" srcset=\"https:\/\/cegesta.com\/wp-content\/uploads\/2025\/04\/cegestadiplomado2.png 798w, https:\/\/cegesta.com\/wp-content\/uploads\/2025\/04\/cegestadiplomado2-300x192.png 300w, https:\/\/cegesta.com\/wp-content\/uploads\/2025\/04\/cegestadiplomado2-768x492.png 768w\" sizes=\"auto, (max-width: 798px) 100vw, 798px\" \/><\/figure>\n<\/div>\n<\/div>\n\n\n\n<hr class=\"wp-block-separator has-alpha-channel-opacity\"\/>\n\n\n\n<h2 class=\"wp-block-heading has-text-align-center has-text-color has-link-color wp-elements-7cf63029f2db6d3903764ffdcffe88e4\" style=\"color:#519cc3\">M\u00d3DULOS<\/h2>\n\n\n\n<p><br><strong>M\u00f3dulo 1:<\/strong><br>Instrumentos cl\u00ednicos de entrada<br><strong>M\u00f3dulo 2:<\/strong><br>Funciones Ejecutivas<br><strong>M\u00f3dulo 3:<\/strong><br>La atenci\u00f3n como funci\u00f3n vital para el aprendizaje<br><strong>M\u00f3dulo 4:<\/strong><br>Evaluaci\u00f3n del funcionamiento cognitivo global<br><strong>M\u00f3dulo 5:<\/strong><br>Evaluaci\u00f3n neuropsicol\u00f3gica de las funciones ejecutivas<br><strong>M\u00f3dulo 6:<\/strong><br>Habilidades de Desarrollo fundamentales<br><strong>M\u00f3dulo 7:<\/strong><br>Aptitudes psicoling\u00fc\u00edsticas<br><strong>M\u00f3dulo 8:<br><\/strong>Evaluaci\u00f3n de inteligencia<br><strong>M\u00f3dulo 9:<\/strong><br>Evaluaci\u00f3n de factores de estr\u00e9s y recursos de afrontamiento<br><strong>M\u00f3dulo 10:<\/strong><br>Instrumentos cl\u00ednicos de salida<br><strong>M\u00f3dulo 11:<\/strong><br>Evaluaci\u00f3n del mundo interno<br><strong>M\u00f3dulo 12:<\/strong><br>Supervisi\u00f3n de la integraci\u00f3n.<\/p>\n\n\n\n<div style=\"height:44px\" aria-hidden=\"true\" class=\"wp-block-spacer\"><\/div>\n\n\n\n<p class=\"has-text-color has-link-color wp-elements-f426669cce48cf2bcbc066bc95524504\" style=\"color:#519cc3\"><a href=\"http:\/\/bit.ly\/4hiHP3h\"><strong>\u00a1Cont\u00e1ctanos!<\/strong> Para mas informaci\u00f3n.<\/a><\/p>\n\n\n<div class=\"wp-block-image\">\n<figure class=\"aligncenter size-large\"><img loading=\"lazy\" decoding=\"async\" width=\"724\" height=\"1024\" src=\"https:\/\/cegesta.com\/wp-content\/uploads\/2025\/08\/Docentes-Diplomado-en-Evaluacion-Infanto-Juvenil-724x1024.jpeg\" alt=\"Docentes Diplomado en Evaluaci\u00f3n Infanto - Juvenil\" class=\"wp-image-413\" srcset=\"https:\/\/cegesta.com\/wp-content\/uploads\/2025\/08\/Docentes-Diplomado-en-Evaluacion-Infanto-Juvenil-724x1024.jpeg 724w, https:\/\/cegesta.com\/wp-content\/uploads\/2025\/08\/Docentes-Diplomado-en-Evaluacion-Infanto-Juvenil-212x300.jpeg 212w, https:\/\/cegesta.com\/wp-content\/uploads\/2025\/08\/Docentes-Diplomado-en-Evaluacion-Infanto-Juvenil-768x1086.jpeg 768w, https:\/\/cegesta.com\/wp-content\/uploads\/2025\/08\/Docentes-Diplomado-en-Evaluacion-Infanto-Juvenil-1086x1536.jpeg 1086w, https:\/\/cegesta.com\/wp-content\/uploads\/2025\/08\/Docentes-Diplomado-en-Evaluacion-Infanto-Juvenil.jpeg 1131w\" sizes=\"auto, (max-width: 724px) 100vw, 724px\" \/><\/figure>\n<\/div>","protected":false},"excerpt":{"rendered":"<p>Informaci\u00f3n General Este diplomado te permitir\u00e1 conocer la entrevista cl\u00ednica y las principales herramientas de evaluaci\u00f3n neuropsicol\u00f3gica, exploraci\u00f3n cognitiva, de trastornos internalizados y externalizados y dificultades de aprendizaje en las etapas tempranas.Aprender\u00e1s c\u00f3mo realizar un informe de evaluaci\u00f3n y qu\u00e9 aspectos deben tenerse en cuenta en la devoluci\u00f3n de la [&hellip;]<\/p>\n","protected":false},"author":1,"featured_media":294,"parent":0,"menu_order":0,"comment_status":"closed","ping_status":"closed","template":"page-templates\/template-fullwidth.php","meta":{"_themeisle_gutenberg_block_has_review":false,"footnotes":""},"class_list":["post-255","page","type-page","status-publish","has-post-thumbnail","hentry"],"yoast_head":"<!-- This site is optimized with the Yoast SEO plugin v25.0 - https:\/\/yoast.com\/wordpress\/plugins\/seo\/ -->\n<title>Diplomado en Evaluaci\u00f3n Infanto - Juvenil - Centro Guestalt de Ense\u00f1anza en Terapia Infantil y Adolescente<\/title>\n<meta name=\"description\" content=\"Este diplomado te permitir\u00e1 conocer la entrevista cl\u00ednica y las principales herramientas de evaluaci\u00f3n neuropsicol\u00f3gica, exploraci\u00f3n cognitiva, de trastornos internalizados y externalizados y dificultades de aprendizaje en las etapas tempranas.Aprender\u00e1s c\u00f3mo realizar un informe de evaluaci\u00f3n y qu\u00e9 aspectos deben tenerse en cuenta en la devoluci\u00f3n de la informaci\u00f3n a los padres, o como tambi\u00e9n se le conoce: la entrega de resultados.\" \/>\n<meta name=\"robots\" content=\"index, follow, max-snippet:-1, max-image-preview:large, max-video-preview:-1\" \/>\n<link rel=\"canonical\" href=\"https:\/\/cegesta.com\/index.php\/diplomado-de-evaluacion-infanto-juvenil\/\" \/>\n<meta property=\"og:locale\" content=\"es_ES\" \/>\n<meta property=\"og:type\" content=\"article\" \/>\n<meta property=\"og:title\" content=\"Diplomado en Evaluaci\u00f3n Infanto - Juvenil - Centro Guestalt de Ense\u00f1anza en Terapia Infantil y Adolescente\" \/>\n<meta property=\"og:description\" content=\"Este diplomado te permitir\u00e1 conocer la entrevista cl\u00ednica y las principales herramientas de evaluaci\u00f3n neuropsicol\u00f3gica, exploraci\u00f3n cognitiva, de trastornos internalizados y externalizados y dificultades de aprendizaje en las etapas tempranas.Aprender\u00e1s c\u00f3mo realizar un informe de evaluaci\u00f3n y qu\u00e9 aspectos deben tenerse en cuenta en la devoluci\u00f3n de la informaci\u00f3n a los padres, o como tambi\u00e9n se le conoce: la entrega de resultados.\" \/>\n<meta property=\"og:url\" content=\"https:\/\/cegesta.com\/index.php\/diplomado-de-evaluacion-infanto-juvenil\/\" \/>\n<meta property=\"og:site_name\" content=\"Centro Guestalt de Ense\u00f1anza en Terapia Infantil y Adolescente\" \/>\n<meta property=\"article:publisher\" content=\"https:\/\/www.facebook.com\/people\/CEGESTA\/100057695335892\/\" \/>\n<meta property=\"article:modified_time\" content=\"2025-08-05T18:28:47+00:00\" \/>\n<meta property=\"og:image\" content=\"https:\/\/cegesta.com\/wp-content\/uploads\/2025\/05\/WhatsApp-Image-2025-04-29-at-12.34.24-PM-2.jpeg\" \/>\n\t<meta property=\"og:image:width\" content=\"1104\" \/>\n\t<meta property=\"og:image:height\" content=\"621\" \/>\n\t<meta property=\"og:image:type\" content=\"image\/jpeg\" \/>\n<meta name=\"twitter:card\" content=\"summary_large_image\" \/>\n<meta name=\"twitter:label1\" content=\"Tiempo de lectura\" \/>\n\t<meta name=\"twitter:data1\" content=\"3 minutos\" \/>\n<script type=\"application\/ld+json\" class=\"yoast-schema-graph\">{\"@context\":\"https:\/\/schema.org\",\"@graph\":[{\"@type\":\"WebPage\",\"@id\":\"https:\/\/cegesta.com\/index.php\/diplomado-de-evaluacion-infanto-juvenil\/\",\"url\":\"https:\/\/cegesta.com\/index.php\/diplomado-de-evaluacion-infanto-juvenil\/\",\"name\":\"Diplomado en Evaluaci\u00f3n Infanto - Juvenil - Centro Guestalt de Ense\u00f1anza en Terapia Infantil y Adolescente\",\"isPartOf\":{\"@id\":\"https:\/\/cegesta.com\/#website\"},\"primaryImageOfPage\":{\"@id\":\"https:\/\/cegesta.com\/index.php\/diplomado-de-evaluacion-infanto-juvenil\/#primaryimage\"},\"image\":{\"@id\":\"https:\/\/cegesta.com\/index.php\/diplomado-de-evaluacion-infanto-juvenil\/#primaryimage\"},\"thumbnailUrl\":\"https:\/\/cegesta.com\/wp-content\/uploads\/2025\/05\/WhatsApp-Image-2025-04-29-at-12.34.24-PM-2.jpeg\",\"datePublished\":\"2025-04-28T10:48:19+00:00\",\"dateModified\":\"2025-08-05T18:28:47+00:00\",\"description\":\"Este diplomado te permitir\u00e1 conocer la entrevista cl\u00ednica y las principales herramientas de evaluaci\u00f3n neuropsicol\u00f3gica, exploraci\u00f3n cognitiva, de trastornos internalizados y externalizados y dificultades de aprendizaje en las etapas tempranas.Aprender\u00e1s c\u00f3mo realizar un informe de evaluaci\u00f3n y qu\u00e9 aspectos deben tenerse en cuenta en la devoluci\u00f3n de la informaci\u00f3n a los padres, o como tambi\u00e9n se le conoce: la entrega de resultados.\",\"breadcrumb\":{\"@id\":\"https:\/\/cegesta.com\/index.php\/diplomado-de-evaluacion-infanto-juvenil\/#breadcrumb\"},\"inLanguage\":\"es\",\"potentialAction\":[{\"@type\":\"ReadAction\",\"target\":[\"https:\/\/cegesta.com\/index.php\/diplomado-de-evaluacion-infanto-juvenil\/\"]}]},{\"@type\":\"ImageObject\",\"inLanguage\":\"es\",\"@id\":\"https:\/\/cegesta.com\/index.php\/diplomado-de-evaluacion-infanto-juvenil\/#primaryimage\",\"url\":\"https:\/\/cegesta.com\/wp-content\/uploads\/2025\/05\/WhatsApp-Image-2025-04-29-at-12.34.24-PM-2.jpeg\",\"contentUrl\":\"https:\/\/cegesta.com\/wp-content\/uploads\/2025\/05\/WhatsApp-Image-2025-04-29-at-12.34.24-PM-2.jpeg\",\"width\":1104,\"height\":621,\"caption\":\"Diplomado en evaluacion infanto - juvenil\"},{\"@type\":\"BreadcrumbList\",\"@id\":\"https:\/\/cegesta.com\/index.php\/diplomado-de-evaluacion-infanto-juvenil\/#breadcrumb\",\"itemListElement\":[{\"@type\":\"ListItem\",\"position\":1,\"name\":\"Portada\",\"item\":\"https:\/\/cegesta.com\/\"},{\"@type\":\"ListItem\",\"position\":2,\"name\":\"Diplomado en Evaluaci\u00f3n Infanto &#8211; Juvenil\"}]},{\"@type\":\"WebSite\",\"@id\":\"https:\/\/cegesta.com\/#website\",\"url\":\"https:\/\/cegesta.com\/\",\"name\":\"Centro Guestalt de Ense\u00f1anza en Terapia Infantil y Adolescente\",\"description\":\"\",\"publisher\":{\"@id\":\"https:\/\/cegesta.com\/#organization\"},\"potentialAction\":[{\"@type\":\"SearchAction\",\"target\":{\"@type\":\"EntryPoint\",\"urlTemplate\":\"https:\/\/cegesta.com\/?s={search_term_string}\"},\"query-input\":{\"@type\":\"PropertyValueSpecification\",\"valueRequired\":true,\"valueName\":\"search_term_string\"}}],\"inLanguage\":\"es\"},{\"@type\":\"Organization\",\"@id\":\"https:\/\/cegesta.com\/#organization\",\"name\":\"Centro Guestalt de Ense\u00f1anza en Terapia Infantil y Adolescente\",\"url\":\"https:\/\/cegesta.com\/\",\"logo\":{\"@type\":\"ImageObject\",\"inLanguage\":\"es\",\"@id\":\"https:\/\/cegesta.com\/#\/schema\/logo\/image\/\",\"url\":\"https:\/\/cegesta.com\/wp-content\/uploads\/2025\/03\/Logocegesta.png\",\"contentUrl\":\"https:\/\/cegesta.com\/wp-content\/uploads\/2025\/03\/Logocegesta.png\",\"width\":910,\"height\":812,\"caption\":\"Centro Guestalt de Ense\u00f1anza en Terapia Infantil y Adolescente\"},\"image\":{\"@id\":\"https:\/\/cegesta.com\/#\/schema\/logo\/image\/\"},\"sameAs\":[\"https:\/\/www.facebook.com\/people\/CEGESTA\/100057695335892\/\",\"https:\/\/www.instagram.com\/cegesta\/\"]}]}<\/script>\n<!-- \/ Yoast SEO plugin. -->","yoast_head_json":{"title":"Diplomado en Evaluaci\u00f3n Infanto - Juvenil - Centro Guestalt de Ense\u00f1anza en Terapia Infantil y Adolescente","description":"Este diplomado te permitir\u00e1 conocer la entrevista cl\u00ednica y las principales herramientas de evaluaci\u00f3n neuropsicol\u00f3gica, exploraci\u00f3n cognitiva, de trastornos internalizados y externalizados y dificultades de aprendizaje en las etapas tempranas.Aprender\u00e1s c\u00f3mo realizar un informe de evaluaci\u00f3n y qu\u00e9 aspectos deben tenerse en cuenta en la devoluci\u00f3n de la informaci\u00f3n a los padres, o como tambi\u00e9n se le conoce: la entrega de resultados.","robots":{"index":"index","follow":"follow","max-snippet":"max-snippet:-1","max-image-preview":"max-image-preview:large","max-video-preview":"max-video-preview:-1"},"canonical":"https:\/\/cegesta.com\/index.php\/diplomado-de-evaluacion-infanto-juvenil\/","og_locale":"es_ES","og_type":"article","og_title":"Diplomado en Evaluaci\u00f3n Infanto - Juvenil - Centro Guestalt de Ense\u00f1anza en Terapia Infantil y Adolescente","og_description":"Este diplomado te permitir\u00e1 conocer la entrevista cl\u00ednica y las principales herramientas de evaluaci\u00f3n neuropsicol\u00f3gica, exploraci\u00f3n cognitiva, de trastornos internalizados y externalizados y dificultades de aprendizaje en las etapas tempranas.Aprender\u00e1s c\u00f3mo realizar un informe de evaluaci\u00f3n y qu\u00e9 aspectos deben tenerse en cuenta en la devoluci\u00f3n de la informaci\u00f3n a los padres, o como tambi\u00e9n se le conoce: la entrega de resultados.","og_url":"https:\/\/cegesta.com\/index.php\/diplomado-de-evaluacion-infanto-juvenil\/","og_site_name":"Centro Guestalt de Ense\u00f1anza en Terapia Infantil y Adolescente","article_publisher":"https:\/\/www.facebook.com\/people\/CEGESTA\/100057695335892\/","article_modified_time":"2025-08-05T18:28:47+00:00","og_image":[{"width":1104,"height":621,"url":"https:\/\/cegesta.com\/wp-content\/uploads\/2025\/05\/WhatsApp-Image-2025-04-29-at-12.34.24-PM-2.jpeg","type":"image\/jpeg"}],"twitter_card":"summary_large_image","twitter_misc":{"Tiempo de lectura":"3 minutos"},"schema":{"@context":"https:\/\/schema.org","@graph":[{"@type":"WebPage","@id":"https:\/\/cegesta.com\/index.php\/diplomado-de-evaluacion-infanto-juvenil\/","url":"https:\/\/cegesta.com\/index.php\/diplomado-de-evaluacion-infanto-juvenil\/","name":"Diplomado en Evaluaci\u00f3n Infanto - Juvenil - Centro Guestalt de Ense\u00f1anza en Terapia Infantil y Adolescente","isPartOf":{"@id":"https:\/\/cegesta.com\/#website"},"primaryImageOfPage":{"@id":"https:\/\/cegesta.com\/index.php\/diplomado-de-evaluacion-infanto-juvenil\/#primaryimage"},"image":{"@id":"https:\/\/cegesta.com\/index.php\/diplomado-de-evaluacion-infanto-juvenil\/#primaryimage"},"thumbnailUrl":"https:\/\/cegesta.com\/wp-content\/uploads\/2025\/05\/WhatsApp-Image-2025-04-29-at-12.34.24-PM-2.jpeg","datePublished":"2025-04-28T10:48:19+00:00","dateModified":"2025-08-05T18:28:47+00:00","description":"Este diplomado te permitir\u00e1 conocer la entrevista cl\u00ednica y las principales herramientas de evaluaci\u00f3n neuropsicol\u00f3gica, exploraci\u00f3n cognitiva, de trastornos internalizados y externalizados y dificultades de aprendizaje en las etapas tempranas.Aprender\u00e1s c\u00f3mo realizar un informe de evaluaci\u00f3n y qu\u00e9 aspectos deben tenerse en cuenta en la devoluci\u00f3n de la informaci\u00f3n a los padres, o como tambi\u00e9n se le conoce: la entrega de resultados.","breadcrumb":{"@id":"https:\/\/cegesta.com\/index.php\/diplomado-de-evaluacion-infanto-juvenil\/#breadcrumb"},"inLanguage":"es","potentialAction":[{"@type":"ReadAction","target":["https:\/\/cegesta.com\/index.php\/diplomado-de-evaluacion-infanto-juvenil\/"]}]},{"@type":"ImageObject","inLanguage":"es","@id":"https:\/\/cegesta.com\/index.php\/diplomado-de-evaluacion-infanto-juvenil\/#primaryimage","url":"https:\/\/cegesta.com\/wp-content\/uploads\/2025\/05\/WhatsApp-Image-2025-04-29-at-12.34.24-PM-2.jpeg","contentUrl":"https:\/\/cegesta.com\/wp-content\/uploads\/2025\/05\/WhatsApp-Image-2025-04-29-at-12.34.24-PM-2.jpeg","width":1104,"height":621,"caption":"Diplomado en evaluacion infanto - juvenil"},{"@type":"BreadcrumbList","@id":"https:\/\/cegesta.com\/index.php\/diplomado-de-evaluacion-infanto-juvenil\/#breadcrumb","itemListElement":[{"@type":"ListItem","position":1,"name":"Portada","item":"https:\/\/cegesta.com\/"},{"@type":"ListItem","position":2,"name":"Diplomado en Evaluaci\u00f3n Infanto &#8211; Juvenil"}]},{"@type":"WebSite","@id":"https:\/\/cegesta.com\/#website","url":"https:\/\/cegesta.com\/","name":"Centro Guestalt de Ense\u00f1anza en Terapia Infantil y Adolescente","description":"","publisher":{"@id":"https:\/\/cegesta.com\/#organization"},"potentialAction":[{"@type":"SearchAction","target":{"@type":"EntryPoint","urlTemplate":"https:\/\/cegesta.com\/?s={search_term_string}"},"query-input":{"@type":"PropertyValueSpecification","valueRequired":true,"valueName":"search_term_string"}}],"inLanguage":"es"},{"@type":"Organization","@id":"https:\/\/cegesta.com\/#organization","name":"Centro Guestalt de Ense\u00f1anza en Terapia Infantil y Adolescente","url":"https:\/\/cegesta.com\/","logo":{"@type":"ImageObject","inLanguage":"es","@id":"https:\/\/cegesta.com\/#\/schema\/logo\/image\/","url":"https:\/\/cegesta.com\/wp-content\/uploads\/2025\/03\/Logocegesta.png","contentUrl":"https:\/\/cegesta.com\/wp-content\/uploads\/2025\/03\/Logocegesta.png","width":910,"height":812,"caption":"Centro Guestalt de Ense\u00f1anza en Terapia Infantil y Adolescente"},"image":{"@id":"https:\/\/cegesta.com\/#\/schema\/logo\/image\/"},"sameAs":["https:\/\/www.facebook.com\/people\/CEGESTA\/100057695335892\/","https:\/\/www.instagram.com\/cegesta\/"]}]}},"_links":{"self":[{"href":"https:\/\/cegesta.com\/index.php\/wp-json\/wp\/v2\/pages\/255","targetHints":{"allow":["GET"]}}],"collection":[{"href":"https:\/\/cegesta.com\/index.php\/wp-json\/wp\/v2\/pages"}],"about":[{"href":"https:\/\/cegesta.com\/index.php\/wp-json\/wp\/v2\/types\/page"}],"author":[{"embeddable":true,"href":"https:\/\/cegesta.com\/index.php\/wp-json\/wp\/v2\/users\/1"}],"replies":[{"embeddable":true,"href":"https:\/\/cegesta.com\/index.php\/wp-json\/wp\/v2\/comments?post=255"}],"version-history":[{"count":16,"href":"https:\/\/cegesta.com\/index.php\/wp-json\/wp\/v2\/pages\/255\/revisions"}],"predecessor-version":[{"id":417,"href":"https:\/\/cegesta.com\/index.php\/wp-json\/wp\/v2\/pages\/255\/revisions\/417"}],"wp:featuredmedia":[{"embeddable":true,"href":"https:\/\/cegesta.com\/index.php\/wp-json\/wp\/v2\/media\/294"}],"wp:attachment":[{"href":"https:\/\/cegesta.com\/index.php\/wp-json\/wp\/v2\/media?parent=255"}],"curies":[{"name":"wp","href":"https:\/\/api.w.org\/{rel}","templated":true}]}}