{"id":366,"date":"2025-05-15T17:02:18","date_gmt":"2025-05-15T17:02:18","guid":{"rendered":"https:\/\/cegesta.com\/?page_id=366"},"modified":"2025-05-15T17:06:39","modified_gmt":"2025-05-15T17:06:39","slug":"docentes","status":"publish","type":"page","link":"https:\/\/cegesta.com\/index.php\/docentes\/","title":{"rendered":"Docentes"},"content":{"rendered":"\n<h2 class=\"wp-block-heading has-text-align-center has-accent-color has-text-color has-link-color wp-elements-7bbf1e0becb6410a9604bfffc75486e6\">Maestr\u00eda en Evaluaci\u00f3n y Terapia Infantil<\/h2>\n\n\n<div class=\"wp-block-image\">\n<figure class=\"aligncenter size-large\"><img loading=\"lazy\" decoding=\"async\" width=\"724\" height=\"1024\" src=\"https:\/\/cegesta.com\/wp-content\/uploads\/2025\/05\/WhatsApp-Image-2025-05-15-at-10.20.07-AM-724x1024.jpeg\" alt=\"\" class=\"wp-image-371\" srcset=\"https:\/\/cegesta.com\/wp-content\/uploads\/2025\/05\/WhatsApp-Image-2025-05-15-at-10.20.07-AM-724x1024.jpeg 724w, https:\/\/cegesta.com\/wp-content\/uploads\/2025\/05\/WhatsApp-Image-2025-05-15-at-10.20.07-AM-212x300.jpeg 212w, https:\/\/cegesta.com\/wp-content\/uploads\/2025\/05\/WhatsApp-Image-2025-05-15-at-10.20.07-AM-768x1086.jpeg 768w, https:\/\/cegesta.com\/wp-content\/uploads\/2025\/05\/WhatsApp-Image-2025-05-15-at-10.20.07-AM-1086x1536.jpeg 1086w, https:\/\/cegesta.com\/wp-content\/uploads\/2025\/05\/WhatsApp-Image-2025-05-15-at-10.20.07-AM.jpeg 1131w\" sizes=\"auto, (max-width: 724px) 100vw, 724px\" \/><\/figure>\n<\/div>\n\n\n<h2 class=\"wp-block-heading has-text-align-center has-accent-color has-text-color has-link-color wp-elements-05728feb98289059be1f4b57c950b6a6\">Diplomado en Evaluaci\u00f3n Infanto \u2013 Juvenil<\/h2>\n\n\n<div class=\"wp-block-image\">\n<figure class=\"aligncenter size-large\"><img loading=\"lazy\" decoding=\"async\" width=\"724\" height=\"1024\" src=\"https:\/\/cegesta.com\/wp-content\/uploads\/2025\/05\/WhatsApp-Image-2025-05-15-at-10.20.08-AM-1-724x1024.jpeg\" alt=\"\" class=\"wp-image-369\" srcset=\"https:\/\/cegesta.com\/wp-content\/uploads\/2025\/05\/WhatsApp-Image-2025-05-15-at-10.20.08-AM-1-724x1024.jpeg 724w, https:\/\/cegesta.com\/wp-content\/uploads\/2025\/05\/WhatsApp-Image-2025-05-15-at-10.20.08-AM-1-212x300.jpeg 212w, https:\/\/cegesta.com\/wp-content\/uploads\/2025\/05\/WhatsApp-Image-2025-05-15-at-10.20.08-AM-1-768x1086.jpeg 768w, https:\/\/cegesta.com\/wp-content\/uploads\/2025\/05\/WhatsApp-Image-2025-05-15-at-10.20.08-AM-1-1086x1536.jpeg 1086w, https:\/\/cegesta.com\/wp-content\/uploads\/2025\/05\/WhatsApp-Image-2025-05-15-at-10.20.08-AM-1.jpeg 1131w\" sizes=\"auto, (max-width: 724px) 100vw, 724px\" \/><\/figure>\n<\/div>\n\n\n<h2 class=\"wp-block-heading has-text-align-center has-text-color has-link-color wp-elements-7817efb5adaf914be1b8b776b078053b\" style=\"color:#519cc3\">Diplomado en Terapia de Juego<\/h2>\n\n\n<div class=\"wp-block-image\">\n<figure class=\"aligncenter size-large\"><img loading=\"lazy\" decoding=\"async\" width=\"724\" height=\"1024\" src=\"https:\/\/cegesta.com\/wp-content\/uploads\/2025\/05\/WhatsApp-Image-2025-05-15-at-10.20.08-AM-724x1024.jpeg\" alt=\"\" class=\"wp-image-370\" srcset=\"https:\/\/cegesta.com\/wp-content\/uploads\/2025\/05\/WhatsApp-Image-2025-05-15-at-10.20.08-AM-724x1024.jpeg 724w, https:\/\/cegesta.com\/wp-content\/uploads\/2025\/05\/WhatsApp-Image-2025-05-15-at-10.20.08-AM-212x300.jpeg 212w, https:\/\/cegesta.com\/wp-content\/uploads\/2025\/05\/WhatsApp-Image-2025-05-15-at-10.20.08-AM-768x1086.jpeg 768w, https:\/\/cegesta.com\/wp-content\/uploads\/2025\/05\/WhatsApp-Image-2025-05-15-at-10.20.08-AM-1086x1536.jpeg 1086w, https:\/\/cegesta.com\/wp-content\/uploads\/2025\/05\/WhatsApp-Image-2025-05-15-at-10.20.08-AM.jpeg 1131w\" sizes=\"auto, (max-width: 724px) 100vw, 724px\" \/><\/figure>\n<\/div>","protected":false},"excerpt":{"rendered":"<p>Maestr\u00eda en Evaluaci\u00f3n y Terapia Infantil Diplomado en Evaluaci\u00f3n Infanto \u2013 Juvenil Diplomado en Terapia de Juego<\/p>\n","protected":false},"author":1,"featured_media":0,"parent":0,"menu_order":0,"comment_status":"closed","ping_status":"closed","template":"","meta":{"_themeisle_gutenberg_block_has_review":false,"footnotes":""},"class_list":["post-366","page","type-page","status-publish","hentry"],"yoast_head":"<!-- This site is optimized with the Yoast SEO plugin v25.0 - https:\/\/yoast.com\/wordpress\/plugins\/seo\/ -->\n<title>Docentes - Centro Guestalt de Ense\u00f1anza en Terapia Infantil y Adolescente<\/title>\n<meta name=\"robots\" content=\"index, follow, max-snippet:-1, max-image-preview:large, max-video-preview:-1\" \/>\n<link rel=\"canonical\" href=\"https:\/\/cegesta.com\/index.php\/docentes\/\" \/>\n<meta property=\"og:locale\" content=\"es_ES\" \/>\n<meta property=\"og:type\" content=\"article\" \/>\n<meta property=\"og:title\" content=\"Docentes - Centro Guestalt de Ense\u00f1anza en Terapia Infantil y Adolescente\" \/>\n<meta property=\"og:description\" content=\"Maestr\u00eda en Evaluaci\u00f3n y Terapia Infantil Diplomado en Evaluaci\u00f3n Infanto \u2013 Juvenil Diplomado en Terapia de Juego\" \/>\n<meta property=\"og:url\" content=\"https:\/\/cegesta.com\/index.php\/docentes\/\" \/>\n<meta property=\"og:site_name\" content=\"Centro Guestalt de Ense\u00f1anza en Terapia Infantil y Adolescente\" \/>\n<meta property=\"article:publisher\" content=\"https:\/\/www.facebook.com\/people\/CEGESTA\/100057695335892\/\" \/>\n<meta property=\"article:modified_time\" content=\"2025-05-15T17:06:39+00:00\" \/>\n<meta property=\"og:image\" content=\"https:\/\/cegesta.com\/wp-content\/uploads\/2025\/05\/WhatsApp-Image-2025-05-15-at-10.20.07-AM.jpeg\" \/>\n\t<meta property=\"og:image:width\" content=\"1131\" \/>\n\t<meta property=\"og:image:height\" content=\"1600\" \/>\n\t<meta property=\"og:image:type\" content=\"image\/jpeg\" \/>\n<meta name=\"twitter:card\" content=\"summary_large_image\" \/>\n<meta name=\"twitter:label1\" content=\"Tiempo de lectura\" \/>\n\t<meta name=\"twitter:data1\" content=\"1 minuto\" \/>\n<script type=\"application\/ld+json\" class=\"yoast-schema-graph\">{\"@context\":\"https:\/\/schema.org\",\"@graph\":[{\"@type\":\"WebPage\",\"@id\":\"https:\/\/cegesta.com\/index.php\/docentes\/\",\"url\":\"https:\/\/cegesta.com\/index.php\/docentes\/\",\"name\":\"Docentes - Centro Guestalt de Ense\u00f1anza en Terapia Infantil y Adolescente\",\"isPartOf\":{\"@id\":\"https:\/\/cegesta.com\/#website\"},\"primaryImageOfPage\":{\"@id\":\"https:\/\/cegesta.com\/index.php\/docentes\/#primaryimage\"},\"image\":{\"@id\":\"https:\/\/cegesta.com\/index.php\/docentes\/#primaryimage\"},\"thumbnailUrl\":\"https:\/\/cegesta.com\/wp-content\/uploads\/2025\/05\/WhatsApp-Image-2025-05-15-at-10.20.07-AM-724x1024.jpeg\",\"datePublished\":\"2025-05-15T17:02:18+00:00\",\"dateModified\":\"2025-05-15T17:06:39+00:00\",\"breadcrumb\":{\"@id\":\"https:\/\/cegesta.com\/index.php\/docentes\/#breadcrumb\"},\"inLanguage\":\"es\",\"potentialAction\":[{\"@type\":\"ReadAction\",\"target\":[\"https:\/\/cegesta.com\/index.php\/docentes\/\"]}]},{\"@type\":\"ImageObject\",\"inLanguage\":\"es\",\"@id\":\"https:\/\/cegesta.com\/index.php\/docentes\/#primaryimage\",\"url\":\"https:\/\/cegesta.com\/wp-content\/uploads\/2025\/05\/WhatsApp-Image-2025-05-15-at-10.20.07-AM.jpeg\",\"contentUrl\":\"https:\/\/cegesta.com\/wp-content\/uploads\/2025\/05\/WhatsApp-Image-2025-05-15-at-10.20.07-AM.jpeg\",\"width\":1131,\"height\":1600,\"caption\":\"Docentes Maestria en Evaluacion y Terapia Infantil\"},{\"@type\":\"BreadcrumbList\",\"@id\":\"https:\/\/cegesta.com\/index.php\/docentes\/#breadcrumb\",\"itemListElement\":[{\"@type\":\"ListItem\",\"position\":1,\"name\":\"Portada\",\"item\":\"https:\/\/cegesta.com\/\"},{\"@type\":\"ListItem\",\"position\":2,\"name\":\"Docentes\"}]},{\"@type\":\"WebSite\",\"@id\":\"https:\/\/cegesta.com\/#website\",\"url\":\"https:\/\/cegesta.com\/\",\"name\":\"Centro Guestalt de Ense\u00f1anza en Terapia Infantil y Adolescente\",\"description\":\"\",\"publisher\":{\"@id\":\"https:\/\/cegesta.com\/#organization\"},\"potentialAction\":[{\"@type\":\"SearchAction\",\"target\":{\"@type\":\"EntryPoint\",\"urlTemplate\":\"https:\/\/cegesta.com\/?s={search_term_string}\"},\"query-input\":{\"@type\":\"PropertyValueSpecification\",\"valueRequired\":true,\"valueName\":\"search_term_string\"}}],\"inLanguage\":\"es\"},{\"@type\":\"Organization\",\"@id\":\"https:\/\/cegesta.com\/#organization\",\"name\":\"Centro Guestalt de Ense\u00f1anza en Terapia Infantil y Adolescente\",\"url\":\"https:\/\/cegesta.com\/\",\"logo\":{\"@type\":\"ImageObject\",\"inLanguage\":\"es\",\"@id\":\"https:\/\/cegesta.com\/#\/schema\/logo\/image\/\",\"url\":\"https:\/\/cegesta.com\/wp-content\/uploads\/2025\/03\/Logocegesta.png\",\"contentUrl\":\"https:\/\/cegesta.com\/wp-content\/uploads\/2025\/03\/Logocegesta.png\",\"width\":910,\"height\":812,\"caption\":\"Centro Guestalt de Ense\u00f1anza en Terapia Infantil y Adolescente\"},\"image\":{\"@id\":\"https:\/\/cegesta.com\/#\/schema\/logo\/image\/\"},\"sameAs\":[\"https:\/\/www.facebook.com\/people\/CEGESTA\/100057695335892\/\",\"https:\/\/www.instagram.com\/cegesta\/\"]}]}<\/script>\n<!-- \/ Yoast SEO plugin. -->","yoast_head_json":{"title":"Docentes - Centro Guestalt de Ense\u00f1anza en Terapia Infantil y Adolescente","robots":{"index":"index","follow":"follow","max-snippet":"max-snippet:-1","max-image-preview":"max-image-preview:large","max-video-preview":"max-video-preview:-1"},"canonical":"https:\/\/cegesta.com\/index.php\/docentes\/","og_locale":"es_ES","og_type":"article","og_title":"Docentes - Centro Guestalt de Ense\u00f1anza en Terapia Infantil y Adolescente","og_description":"Maestr\u00eda en Evaluaci\u00f3n y Terapia Infantil Diplomado en Evaluaci\u00f3n Infanto \u2013 Juvenil Diplomado en Terapia de Juego","og_url":"https:\/\/cegesta.com\/index.php\/docentes\/","og_site_name":"Centro Guestalt de Ense\u00f1anza en Terapia Infantil y Adolescente","article_publisher":"https:\/\/www.facebook.com\/people\/CEGESTA\/100057695335892\/","article_modified_time":"2025-05-15T17:06:39+00:00","og_image":[{"width":1131,"height":1600,"url":"https:\/\/cegesta.com\/wp-content\/uploads\/2025\/05\/WhatsApp-Image-2025-05-15-at-10.20.07-AM.jpeg","type":"image\/jpeg"}],"twitter_card":"summary_large_image","twitter_misc":{"Tiempo de lectura":"1 minuto"},"schema":{"@context":"https:\/\/schema.org","@graph":[{"@type":"WebPage","@id":"https:\/\/cegesta.com\/index.php\/docentes\/","url":"https:\/\/cegesta.com\/index.php\/docentes\/","name":"Docentes - Centro Guestalt de Ense\u00f1anza en Terapia Infantil y Adolescente","isPartOf":{"@id":"https:\/\/cegesta.com\/#website"},"primaryImageOfPage":{"@id":"https:\/\/cegesta.com\/index.php\/docentes\/#primaryimage"},"image":{"@id":"https:\/\/cegesta.com\/index.php\/docentes\/#primaryimage"},"thumbnailUrl":"https:\/\/cegesta.com\/wp-content\/uploads\/2025\/05\/WhatsApp-Image-2025-05-15-at-10.20.07-AM-724x1024.jpeg","datePublished":"2025-05-15T17:02:18+00:00","dateModified":"2025-05-15T17:06:39+00:00","breadcrumb":{"@id":"https:\/\/cegesta.com\/index.php\/docentes\/#breadcrumb"},"inLanguage":"es","potentialAction":[{"@type":"ReadAction","target":["https:\/\/cegesta.com\/index.php\/docentes\/"]}]},{"@type":"ImageObject","inLanguage":"es","@id":"https:\/\/cegesta.com\/index.php\/docentes\/#primaryimage","url":"https:\/\/cegesta.com\/wp-content\/uploads\/2025\/05\/WhatsApp-Image-2025-05-15-at-10.20.07-AM.jpeg","contentUrl":"https:\/\/cegesta.com\/wp-content\/uploads\/2025\/05\/WhatsApp-Image-2025-05-15-at-10.20.07-AM.jpeg","width":1131,"height":1600,"caption":"Docentes Maestria en Evaluacion y Terapia Infantil"},{"@type":"BreadcrumbList","@id":"https:\/\/cegesta.com\/index.php\/docentes\/#breadcrumb","itemListElement":[{"@type":"ListItem","position":1,"name":"Portada","item":"https:\/\/cegesta.com\/"},{"@type":"ListItem","position":2,"name":"Docentes"}]},{"@type":"WebSite","@id":"https:\/\/cegesta.com\/#website","url":"https:\/\/cegesta.com\/","name":"Centro Guestalt de Ense\u00f1anza en Terapia Infantil y Adolescente","description":"","publisher":{"@id":"https:\/\/cegesta.com\/#organization"},"potentialAction":[{"@type":"SearchAction","target":{"@type":"EntryPoint","urlTemplate":"https:\/\/cegesta.com\/?s={search_term_string}"},"query-input":{"@type":"PropertyValueSpecification","valueRequired":true,"valueName":"search_term_string"}}],"inLanguage":"es"},{"@type":"Organization","@id":"https:\/\/cegesta.com\/#organization","name":"Centro Guestalt de Ense\u00f1anza en Terapia Infantil y Adolescente","url":"https:\/\/cegesta.com\/","logo":{"@type":"ImageObject","inLanguage":"es","@id":"https:\/\/cegesta.com\/#\/schema\/logo\/image\/","url":"https:\/\/cegesta.com\/wp-content\/uploads\/2025\/03\/Logocegesta.png","contentUrl":"https:\/\/cegesta.com\/wp-content\/uploads\/2025\/03\/Logocegesta.png","width":910,"height":812,"caption":"Centro Guestalt de Ense\u00f1anza en Terapia Infantil y Adolescente"},"image":{"@id":"https:\/\/cegesta.com\/#\/schema\/logo\/image\/"},"sameAs":["https:\/\/www.facebook.com\/people\/CEGESTA\/100057695335892\/","https:\/\/www.instagram.com\/cegesta\/"]}]}},"_links":{"self":[{"href":"https:\/\/cegesta.com\/index.php\/wp-json\/wp\/v2\/pages\/366","targetHints":{"allow":["GET"]}}],"collection":[{"href":"https:\/\/cegesta.com\/index.php\/wp-json\/wp\/v2\/pages"}],"about":[{"href":"https:\/\/cegesta.com\/index.php\/wp-json\/wp\/v2\/types\/page"}],"author":[{"embeddable":true,"href":"https:\/\/cegesta.com\/index.php\/wp-json\/wp\/v2\/users\/1"}],"replies":[{"embeddable":true,"href":"https:\/\/cegesta.com\/index.php\/wp-json\/wp\/v2\/comments?post=366"}],"version-history":[{"count":2,"href":"https:\/\/cegesta.com\/index.php\/wp-json\/wp\/v2\/pages\/366\/revisions"}],"predecessor-version":[{"id":378,"href":"https:\/\/cegesta.com\/index.php\/wp-json\/wp\/v2\/pages\/366\/revisions\/378"}],"wp:attachment":[{"href":"https:\/\/cegesta.com\/index.php\/wp-json\/wp\/v2\/media?parent=366"}],"curies":[{"name":"wp","href":"https:\/\/api.w.org\/{rel}","templated":true}]}}