{"id":96,"date":"2025-03-18T16:59:27","date_gmt":"2025-03-18T16:59:27","guid":{"rendered":"https:\/\/cegesta.com\/?page_id=96"},"modified":"2025-05-06T21:48:31","modified_gmt":"2025-05-06T21:48:31","slug":"contacto","status":"publish","type":"page","link":"https:\/\/cegesta.com\/index.php\/contacto\/","title":{"rendered":"Contacto"},"content":{"rendered":"\n<div class=\"wp-block-columns alignfull is-layout-flex wp-container-core-columns-is-layout-28f84493 wp-block-columns-is-layout-flex\">\n<div class=\"wp-block-column is-layout-flow wp-block-column-is-layout-flow\">\n<iframe src=\"https:\/\/www.google.com\/maps\/embed?pb=!1m18!1m12!1m3!1d3883.6103092917765!2d-103.35674622467079!3d20.672342799924703!2m3!1f0!2f0!3f0!3m2!1i1024!2i768!4f13.1!3m3!1m2!1s0x8428b1fc14f00001%3A0xee71844bdfdb4d8d!2sCentro%20Guestalt%20de%20Ense%C3%B1anza%20en%20Terapia%20Infantil%20y%20Adolescente%20(CEGESTA)!5e1!3m2!1ses-419!2smx!4v1742400880534!5m2!1ses-419!2smx\" width=\"1600\" height=\"600\" style=\"border:0;\" allowfullscreen=\"\" loading=\"lazy\" referrerpolicy=\"no-referrer-when-downgrade\"><\/iframe>\n\n\n\n<p><\/p>\n<\/div>\n<\/div>\n\n\n\n<div class=\"wp-block-columns container is-layout-flex wp-container-core-columns-is-layout-28f84493 wp-block-columns-is-layout-flex\">\n<div class=\"wp-block-column is-vertically-aligned-center is-layout-flow wp-block-column-is-layout-flow\">\n<h2 class=\"wp-block-heading has-text-align-center hestia-title\">\u00a1Chatea con nosotros!<\/h2>\n\n\n<div class=\"wp-block-image\">\n<figure class=\"aligncenter size-full\"><a href=\"http:\/\/bit.ly\/4hiHP3h\"><img loading=\"lazy\" decoding=\"async\" width=\"131\" height=\"31\" src=\"https:\/\/cegesta.com\/wp-content\/uploads\/2025\/03\/image-7.png\" alt=\"\" class=\"wp-image-207\"\/><\/a><\/figure>\n<\/div><\/div>\n\n\n\n<div class=\"wp-block-column is-vertically-aligned-center is-layout-flow wp-block-column-is-layout-flow\">\n<div class=\"wp-block-columns is-layout-flex wp-container-core-columns-is-layout-28f84493 wp-block-columns-is-layout-flex\">\n<div class=\"wp-block-column is-layout-flow wp-block-column-is-layout-flow\"><\/div>\n\n\n\n<div class=\"wp-block-column is-layout-flow wp-block-column-is-layout-flow\" style=\"flex-basis:50%\">\n<h4 class=\"wp-block-heading has-text-align-left hestia-title has-text-color\" style=\"color:#3c4858;font-size:18px\">Vis\u00edtanos<\/h4>\n\n\n\n<p class=\"has-text-align-left has-text-color\" style=\"color:#999999;font-size:14px\">Miguel Blanco 1226<br>Zona Centro<br>Guadalajara, Jalisco, M\u00e9xico<br>C.P. 44100<\/p>\n\n\n\n<div style=\"height:40px\" aria-hidden=\"true\" class=\"wp-block-spacer\"><\/div>\n\n\n\n<h4 class=\"wp-block-heading has-text-align-left hestia-title has-text-color\" style=\"color:#3c4858;font-size:18px\">Ll\u00e1manos<\/h4>\n\n\n\n<p class=\"has-text-align-left has-text-color\" style=\"color:#999999;font-size:14px\">Nely Rangel<\/p>\n\n\n\n<figure class=\"wp-block-image size-full is-resized\"><img loading=\"lazy\" decoding=\"async\" width=\"121\" height=\"30\" src=\"https:\/\/cegesta.com\/wp-content\/uploads\/2025\/03\/image-8.png\" alt=\"\" class=\"wp-image-208\" style=\"width:87px;height:auto\"\/><\/figure>\n<\/div>\n\n\n\n<div class=\"wp-block-column is-layout-flow wp-block-column-is-layout-flow\"><\/div>\n<\/div>\n<\/div>\n<\/div>\n\n\n\n<p><\/p>\n\n\n\n<p><strong>Agenda tu visita y conoce nuestras instalaciones&#8230;<\/strong><\/p>\n\n\n\n<div class=\"wp-block-buttons is-layout-flex wp-block-buttons-is-layout-flex\">\n<div class=\"wp-block-button\"><a class=\"wp-block-button__link has-accent-background-color has-background wp-element-button\" href=\"http:\/\/bit.ly\/4hiHP3h\">Agenda tu visita!<\/a><\/div>\n<\/div>\n\n\n\n<p><\/p>\n","protected":false},"excerpt":{"rendered":"<p>\u00a1Chatea con nosotros! Vis\u00edtanos Miguel Blanco 1226Zona CentroGuadalajara, Jalisco, M\u00e9xicoC.P. 44100 Ll\u00e1manos Nely Rangel Agenda tu visita y conoce nuestras instalaciones&#8230;<\/p>\n","protected":false},"author":1,"featured_media":296,"parent":0,"menu_order":0,"comment_status":"closed","ping_status":"closed","template":"page-templates\/template-fullwidth.php","meta":{"_themeisle_gutenberg_block_has_review":false,"footnotes":""},"class_list":["post-96","page","type-page","status-publish","has-post-thumbnail","hentry"],"yoast_head":"<!-- This site is optimized with the Yoast SEO plugin v25.0 - https:\/\/yoast.com\/wordpress\/plugins\/seo\/ -->\n<title>Contacto - Centro Guestalt de Ense\u00f1anza en Terapia Infantil y Adolescente<\/title>\n<meta name=\"robots\" content=\"index, follow, max-snippet:-1, max-image-preview:large, max-video-preview:-1\" \/>\n<link rel=\"canonical\" href=\"https:\/\/cegesta.com\/index.php\/contacto\/\" \/>\n<meta property=\"og:locale\" content=\"es_ES\" \/>\n<meta property=\"og:type\" content=\"article\" \/>\n<meta property=\"og:title\" content=\"Contacto - Centro Guestalt de Ense\u00f1anza en Terapia Infantil y Adolescente\" \/>\n<meta property=\"og:description\" content=\"\u00a1Chatea con nosotros! Vis\u00edtanos Miguel Blanco 1226Zona CentroGuadalajara, Jalisco, M\u00e9xicoC.P. 44100 Ll\u00e1manos Nely Rangel Agenda tu visita y conoce nuestras instalaciones&#8230;\" \/>\n<meta property=\"og:url\" content=\"https:\/\/cegesta.com\/index.php\/contacto\/\" \/>\n<meta property=\"og:site_name\" content=\"Centro Guestalt de Ense\u00f1anza en Terapia Infantil y Adolescente\" \/>\n<meta property=\"article:publisher\" content=\"https:\/\/www.facebook.com\/people\/CEGESTA\/100057695335892\/\" \/>\n<meta property=\"article:modified_time\" content=\"2025-05-06T21:48:31+00:00\" \/>\n<meta property=\"og:image\" content=\"https:\/\/cegesta.com\/wp-content\/uploads\/2025\/05\/WhatsApp-Image-2025-04-29-at-12.34.24-PM.jpeg\" \/>\n\t<meta property=\"og:image:width\" content=\"1104\" \/>\n\t<meta property=\"og:image:height\" content=\"621\" \/>\n\t<meta property=\"og:image:type\" content=\"image\/jpeg\" \/>\n<meta name=\"twitter:card\" content=\"summary_large_image\" \/>\n<meta name=\"twitter:label1\" content=\"Tiempo de lectura\" \/>\n\t<meta name=\"twitter:data1\" content=\"1 minuto\" \/>\n<script type=\"application\/ld+json\" class=\"yoast-schema-graph\">{\"@context\":\"https:\/\/schema.org\",\"@graph\":[{\"@type\":\"WebPage\",\"@id\":\"https:\/\/cegesta.com\/index.php\/contacto\/\",\"url\":\"https:\/\/cegesta.com\/index.php\/contacto\/\",\"name\":\"Contacto - Centro Guestalt de Ense\u00f1anza en Terapia Infantil y Adolescente\",\"isPartOf\":{\"@id\":\"https:\/\/cegesta.com\/#website\"},\"primaryImageOfPage\":{\"@id\":\"https:\/\/cegesta.com\/index.php\/contacto\/#primaryimage\"},\"image\":{\"@id\":\"https:\/\/cegesta.com\/index.php\/contacto\/#primaryimage\"},\"thumbnailUrl\":\"https:\/\/cegesta.com\/wp-content\/uploads\/2025\/05\/WhatsApp-Image-2025-04-29-at-12.34.24-PM.jpeg\",\"datePublished\":\"2025-03-18T16:59:27+00:00\",\"dateModified\":\"2025-05-06T21:48:31+00:00\",\"breadcrumb\":{\"@id\":\"https:\/\/cegesta.com\/index.php\/contacto\/#breadcrumb\"},\"inLanguage\":\"es\",\"potentialAction\":[{\"@type\":\"ReadAction\",\"target\":[\"https:\/\/cegesta.com\/index.php\/contacto\/\"]}]},{\"@type\":\"ImageObject\",\"inLanguage\":\"es\",\"@id\":\"https:\/\/cegesta.com\/index.php\/contacto\/#primaryimage\",\"url\":\"https:\/\/cegesta.com\/wp-content\/uploads\/2025\/05\/WhatsApp-Image-2025-04-29-at-12.34.24-PM.jpeg\",\"contentUrl\":\"https:\/\/cegesta.com\/wp-content\/uploads\/2025\/05\/WhatsApp-Image-2025-04-29-at-12.34.24-PM.jpeg\",\"width\":1104,\"height\":621},{\"@type\":\"BreadcrumbList\",\"@id\":\"https:\/\/cegesta.com\/index.php\/contacto\/#breadcrumb\",\"itemListElement\":[{\"@type\":\"ListItem\",\"position\":1,\"name\":\"Portada\",\"item\":\"https:\/\/cegesta.com\/\"},{\"@type\":\"ListItem\",\"position\":2,\"name\":\"Contacto\"}]},{\"@type\":\"WebSite\",\"@id\":\"https:\/\/cegesta.com\/#website\",\"url\":\"https:\/\/cegesta.com\/\",\"name\":\"Centro Guestalt de Ense\u00f1anza en Terapia Infantil y Adolescente\",\"description\":\"\",\"publisher\":{\"@id\":\"https:\/\/cegesta.com\/#organization\"},\"potentialAction\":[{\"@type\":\"SearchAction\",\"target\":{\"@type\":\"EntryPoint\",\"urlTemplate\":\"https:\/\/cegesta.com\/?s={search_term_string}\"},\"query-input\":{\"@type\":\"PropertyValueSpecification\",\"valueRequired\":true,\"valueName\":\"search_term_string\"}}],\"inLanguage\":\"es\"},{\"@type\":\"Organization\",\"@id\":\"https:\/\/cegesta.com\/#organization\",\"name\":\"Centro Guestalt de Ense\u00f1anza en Terapia Infantil y Adolescente\",\"url\":\"https:\/\/cegesta.com\/\",\"logo\":{\"@type\":\"ImageObject\",\"inLanguage\":\"es\",\"@id\":\"https:\/\/cegesta.com\/#\/schema\/logo\/image\/\",\"url\":\"https:\/\/cegesta.com\/wp-content\/uploads\/2025\/03\/Logocegesta.png\",\"contentUrl\":\"https:\/\/cegesta.com\/wp-content\/uploads\/2025\/03\/Logocegesta.png\",\"width\":910,\"height\":812,\"caption\":\"Centro Guestalt de Ense\u00f1anza en Terapia Infantil y Adolescente\"},\"image\":{\"@id\":\"https:\/\/cegesta.com\/#\/schema\/logo\/image\/\"},\"sameAs\":[\"https:\/\/www.facebook.com\/people\/CEGESTA\/100057695335892\/\",\"https:\/\/www.instagram.com\/cegesta\/\"]}]}<\/script>\n<!-- \/ Yoast SEO plugin. -->","yoast_head_json":{"title":"Contacto - Centro Guestalt de Ense\u00f1anza en Terapia Infantil y Adolescente","robots":{"index":"index","follow":"follow","max-snippet":"max-snippet:-1","max-image-preview":"max-image-preview:large","max-video-preview":"max-video-preview:-1"},"canonical":"https:\/\/cegesta.com\/index.php\/contacto\/","og_locale":"es_ES","og_type":"article","og_title":"Contacto - Centro Guestalt de Ense\u00f1anza en Terapia Infantil y Adolescente","og_description":"\u00a1Chatea con nosotros! Vis\u00edtanos Miguel Blanco 1226Zona CentroGuadalajara, Jalisco, M\u00e9xicoC.P. 44100 Ll\u00e1manos Nely Rangel Agenda tu visita y conoce nuestras instalaciones&#8230;","og_url":"https:\/\/cegesta.com\/index.php\/contacto\/","og_site_name":"Centro Guestalt de Ense\u00f1anza en Terapia Infantil y Adolescente","article_publisher":"https:\/\/www.facebook.com\/people\/CEGESTA\/100057695335892\/","article_modified_time":"2025-05-06T21:48:31+00:00","og_image":[{"width":1104,"height":621,"url":"https:\/\/cegesta.com\/wp-content\/uploads\/2025\/05\/WhatsApp-Image-2025-04-29-at-12.34.24-PM.jpeg","type":"image\/jpeg"}],"twitter_card":"summary_large_image","twitter_misc":{"Tiempo de lectura":"1 minuto"},"schema":{"@context":"https:\/\/schema.org","@graph":[{"@type":"WebPage","@id":"https:\/\/cegesta.com\/index.php\/contacto\/","url":"https:\/\/cegesta.com\/index.php\/contacto\/","name":"Contacto - Centro Guestalt de Ense\u00f1anza en Terapia Infantil y Adolescente","isPartOf":{"@id":"https:\/\/cegesta.com\/#website"},"primaryImageOfPage":{"@id":"https:\/\/cegesta.com\/index.php\/contacto\/#primaryimage"},"image":{"@id":"https:\/\/cegesta.com\/index.php\/contacto\/#primaryimage"},"thumbnailUrl":"https:\/\/cegesta.com\/wp-content\/uploads\/2025\/05\/WhatsApp-Image-2025-04-29-at-12.34.24-PM.jpeg","datePublished":"2025-03-18T16:59:27+00:00","dateModified":"2025-05-06T21:48:31+00:00","breadcrumb":{"@id":"https:\/\/cegesta.com\/index.php\/contacto\/#breadcrumb"},"inLanguage":"es","potentialAction":[{"@type":"ReadAction","target":["https:\/\/cegesta.com\/index.php\/contacto\/"]}]},{"@type":"ImageObject","inLanguage":"es","@id":"https:\/\/cegesta.com\/index.php\/contacto\/#primaryimage","url":"https:\/\/cegesta.com\/wp-content\/uploads\/2025\/05\/WhatsApp-Image-2025-04-29-at-12.34.24-PM.jpeg","contentUrl":"https:\/\/cegesta.com\/wp-content\/uploads\/2025\/05\/WhatsApp-Image-2025-04-29-at-12.34.24-PM.jpeg","width":1104,"height":621},{"@type":"BreadcrumbList","@id":"https:\/\/cegesta.com\/index.php\/contacto\/#breadcrumb","itemListElement":[{"@type":"ListItem","position":1,"name":"Portada","item":"https:\/\/cegesta.com\/"},{"@type":"ListItem","position":2,"name":"Contacto"}]},{"@type":"WebSite","@id":"https:\/\/cegesta.com\/#website","url":"https:\/\/cegesta.com\/","name":"Centro Guestalt de Ense\u00f1anza en Terapia Infantil y Adolescente","description":"","publisher":{"@id":"https:\/\/cegesta.com\/#organization"},"potentialAction":[{"@type":"SearchAction","target":{"@type":"EntryPoint","urlTemplate":"https:\/\/cegesta.com\/?s={search_term_string}"},"query-input":{"@type":"PropertyValueSpecification","valueRequired":true,"valueName":"search_term_string"}}],"inLanguage":"es"},{"@type":"Organization","@id":"https:\/\/cegesta.com\/#organization","name":"Centro Guestalt de Ense\u00f1anza en Terapia Infantil y Adolescente","url":"https:\/\/cegesta.com\/","logo":{"@type":"ImageObject","inLanguage":"es","@id":"https:\/\/cegesta.com\/#\/schema\/logo\/image\/","url":"https:\/\/cegesta.com\/wp-content\/uploads\/2025\/03\/Logocegesta.png","contentUrl":"https:\/\/cegesta.com\/wp-content\/uploads\/2025\/03\/Logocegesta.png","width":910,"height":812,"caption":"Centro Guestalt de Ense\u00f1anza en Terapia Infantil y Adolescente"},"image":{"@id":"https:\/\/cegesta.com\/#\/schema\/logo\/image\/"},"sameAs":["https:\/\/www.facebook.com\/people\/CEGESTA\/100057695335892\/","https:\/\/www.instagram.com\/cegesta\/"]}]}},"_links":{"self":[{"href":"https:\/\/cegesta.com\/index.php\/wp-json\/wp\/v2\/pages\/96","targetHints":{"allow":["GET"]}}],"collection":[{"href":"https:\/\/cegesta.com\/index.php\/wp-json\/wp\/v2\/pages"}],"about":[{"href":"https:\/\/cegesta.com\/index.php\/wp-json\/wp\/v2\/types\/page"}],"author":[{"embeddable":true,"href":"https:\/\/cegesta.com\/index.php\/wp-json\/wp\/v2\/users\/1"}],"replies":[{"embeddable":true,"href":"https:\/\/cegesta.com\/index.php\/wp-json\/wp\/v2\/comments?post=96"}],"version-history":[{"count":6,"href":"https:\/\/cegesta.com\/index.php\/wp-json\/wp\/v2\/pages\/96\/revisions"}],"predecessor-version":[{"id":280,"href":"https:\/\/cegesta.com\/index.php\/wp-json\/wp\/v2\/pages\/96\/revisions\/280"}],"wp:featuredmedia":[{"embeddable":true,"href":"https:\/\/cegesta.com\/index.php\/wp-json\/wp\/v2\/media\/296"}],"wp:attachment":[{"href":"https:\/\/cegesta.com\/index.php\/wp-json\/wp\/v2\/media?parent=96"}],"curies":[{"name":"wp","href":"https:\/\/api.w.org\/{rel}","templated":true}]}}